{"id":10,"date":"2016-01-07T17:44:12","date_gmt":"2016-01-07T16:44:12","guid":{"rendered":"http:\/\/demo.lollum.com\/morrisonhotel\/?page_id=10"},"modified":"2016-10-03T18:27:01","modified_gmt":"2016-10-03T16:27:01","slug":"aktivitaeten","status":"publish","type":"page","link":"https:\/\/otjenga.de\/en\/aktivitaeten\/","title":{"rendered":"Aktivit\u00e4ten"},"content":{"rendered":"<div class=\"morrison-hotel-big center\">\n<p>OTJENGA bietet seinen G\u00e4sten ein vielf\u00e4ltiges und\u00a0individuelles Erlebnis.<\/p>\n<\/div>\n\n\t\t\n\n\t\t<div class=\"morrison-hotel-wrap\">\n\t\t\t\n\n\t\t<div class=\"morrison-hotel-column morrison-hotel-column-one-half\">\n\t\t\t\n<p>Wir organisieren und f\u00fchren Ihre individuellen Reisew\u00fcnsche aus. Lassen Sie sich von der beeindruckenden afrikanischen Umwelt verzaubern..<\/p>\n\t\t<\/div>\n\n\t\t\n\n\t\t<div class=\"morrison-hotel-column morrison-hotel-column-one-half morrison-hotel-last-column\">\n\t\t\t\n<p>Ausfl\u00fcge mit dem Gel\u00e4ndewagen oder mit der Propellermaschine.<\/p>\n\t\t<\/div>\n\n\t\t\t\t\t<div class=\"clear\"><\/div>\n\t\t\n\t\t<\/div>\n\n\t\t\n<p>&nbsp;<\/p>\n\n\t\t<div class=\"morrison-hotel-big center\">\n<p>\u00dcbersicht Ausflugsangebote<\/p>\n<\/div>\n\n\t\t\n\n\t\t<div class=\"morrison-hotel-wrap\">\n\t\t\t\n\n\t\t<div class=\"morrison-hotel-menu\">\n\t\t\t\t\t\t\t<h4>Preise<\/h4>\n\t\t\t\n\t\t\t<ul class=\"dish-section\">\n\n\t\t\t\n\t\t\t\t\t\n\t\t\t\t\t<li>\n\t\t\t\t\t\n\t\t\t\t\t<span class=\"dish-name\">Fliegen mit dem Ultra-Light<\/span>\n\t\t\t\t\n\t\t\t\t\t\t\t\t\t\t\t<\/li><!-- .dish-item -->\n\t\t\t\t\t\n\t\t\t\t\t<li>\n\t\t\t\t\t\n\t\t\t\t\t<span class=\"dish-name\">Rundfl\u00fcge mit 4-sitziger Propelllermaschine PIPER Cherokee<\/span>\n\t\t\t\t\t\t\t\t\t<span class=\"dish-price\">\u20ac 250 pro Stunde<\/span>\n\t\t\t\t\n\t\t\t\t\t\t\t\t\t\t\t<\/li><!-- .dish-item -->\n\t\t\t\t\t\n\t\t\t\t\t<li>\n\t\t\t\t\t\n\t\t\t\t\t<span class=\"dish-name\">Ziele Waterberg, Ugab Terassen,<\/span>\n\t\t\t\t\n\t\t\t\t\t\t\t\t\t\t\t<\/li><!-- .dish-item -->\n\t\t\t\t\t\n\t\t\t\t\t<li>\n\t\t\t\t\t\n\t\t\t\t\t<span class=\"dish-name\">Tagestouren (mit Ge\u00e4ndewagen)<\/span>\n\t\t\t\t\t\t\t\t\t<span class=\"dish-description\">zur Etosha-Pfanne = gr\u00f6\u00dfter Naturschutzpark mit Elefanten riesigen Gnu-Herden<\/span>\n\t\t\t\t\n\t\t\t\t\t\t\t<\/li><!-- .dish-item -->\n\t\t\t\n\t\t\t<\/ul><!-- .dish-section -->\n\t\t<\/div>\n\n\t\t\n\t\t<\/div>","protected":false},"excerpt":{"rendered":"<p>Neben der Jagd bietet OTJENGA:<br \/>\n&#8211; Ultralight-Fl\u00fcge<br \/>\n&#8211; Rundfl\u00fcge mit einer 4-sitzigen Propellermaschine PIPER Cherokee<br \/>\n&#8211; Ziele Waterberg und Ugab-Terassen<br \/>\n&#8211; Tagestouren (mit Gel\u00e4ndewagen) zu Etosha-Pfanne (gr\u00f6\u00dftes Naturschutzpark mit Elefanten und riesigen Gnu-Herden)<br \/>\n&#8211;  Einblick in das Alltagsleben und den Aktivit\u00e4ten einer Farm in Namibia <\/p>","protected":false},"author":1,"featured_media":0,"parent":0,"menu_order":0,"comment_status":"closed","ping_status":"closed","template":"","meta":{"footnotes":""},"class_list":["post-10","page","type-page","status-publish","hentry"],"yoast_head":"<!-- This site is optimized with the Yoast SEO plugin v24.7 - https:\/\/yoast.com\/wordpress\/plugins\/seo\/ -->\n<title>Aktivit\u00e4ten - Otjenga Jagdfarm<\/title>\n<meta name=\"robots\" content=\"index, follow, max-snippet:-1, max-image-preview:large, max-video-preview:-1\" \/>\n<link rel=\"canonical\" href=\"https:\/\/otjenga.de\/en\/aktivitaeten\/\" \/>\n<meta property=\"og:locale\" content=\"en_US\" \/>\n<meta property=\"og:type\" content=\"article\" \/>\n<meta property=\"og:title\" content=\"Aktivit\u00e4ten - Otjenga Jagdfarm\" \/>\n<meta property=\"og:description\" content=\"Neben der Jagd bietet OTJENGA: - Ultralight-Fl\u00fcge - Rundfl\u00fcge mit einer 4-sitzigen Propellermaschine PIPER Cherokee - Ziele Waterberg und Ugab-Terassen - Tagestouren (mit Gel\u00e4ndewagen) zu Etosha-Pfanne (gr\u00f6\u00dftes Naturschutzpark mit Elefanten und riesigen Gnu-Herden) - Einblick in das Alltagsleben und den Aktivit\u00e4ten einer Farm in Namibia\" \/>\n<meta property=\"og:url\" content=\"https:\/\/otjenga.de\/en\/aktivitaeten\/\" \/>\n<meta property=\"og:site_name\" content=\"Otjenga Jagdfarm\" \/>\n<meta property=\"article:modified_time\" content=\"2016-10-03T16:27:01+00:00\" \/>\n<meta property=\"og:image\" content=\"https:\/\/otjenga.de\/wp-content\/uploads\/2016\/01\/IMG_6097.jpg\" \/>\n\t<meta property=\"og:image:width\" content=\"570\" \/>\n\t<meta property=\"og:image:height\" content=\"570\" \/>\n\t<meta property=\"og:image:type\" content=\"image\/jpeg\" \/>\n<meta name=\"twitter:card\" content=\"summary_large_image\" \/>\n<meta name=\"twitter:label1\" content=\"Est. reading time\" \/>\n\t<meta name=\"twitter:data1\" content=\"1 minute\" \/>\n<script type=\"application\/ld+json\" class=\"yoast-schema-graph\">{\"@context\":\"https:\/\/schema.org\",\"@graph\":[{\"@type\":\"WebPage\",\"@id\":\"https:\/\/otjenga.de\/aktivitaeten\/\",\"url\":\"https:\/\/otjenga.de\/aktivitaeten\/\",\"name\":\"Aktivit\u00e4ten - Otjenga Jagdfarm\",\"isPartOf\":{\"@id\":\"https:\/\/otjenga.de\/#website\"},\"datePublished\":\"2016-01-07T16:44:12+00:00\",\"dateModified\":\"2016-10-03T16:27:01+00:00\",\"breadcrumb\":{\"@id\":\"https:\/\/otjenga.de\/aktivitaeten\/#breadcrumb\"},\"inLanguage\":\"en-US\",\"potentialAction\":[{\"@type\":\"ReadAction\",\"target\":[\"https:\/\/otjenga.de\/aktivitaeten\/\"]}]},{\"@type\":\"BreadcrumbList\",\"@id\":\"https:\/\/otjenga.de\/aktivitaeten\/#breadcrumb\",\"itemListElement\":[{\"@type\":\"ListItem\",\"position\":1,\"name\":\"Startseite\",\"item\":\"https:\/\/otjenga.de\/\"},{\"@type\":\"ListItem\",\"position\":2,\"name\":\"Aktivit\u00e4ten\"}]},{\"@type\":\"WebSite\",\"@id\":\"https:\/\/otjenga.de\/#website\",\"url\":\"https:\/\/otjenga.de\/\",\"name\":\"Otjenga Jagdfarm\",\"description\":\"Die Jagdfarm OTJENGA bietet ihren G\u00e4sten neben der Jagd auf afrikanisches Wild eine Reihe von Aktivit\u00e4ten an\",\"potentialAction\":[{\"@type\":\"SearchAction\",\"target\":{\"@type\":\"EntryPoint\",\"urlTemplate\":\"https:\/\/otjenga.de\/?s={search_term_string}\"},\"query-input\":{\"@type\":\"PropertyValueSpecification\",\"valueRequired\":true,\"valueName\":\"search_term_string\"}}],\"inLanguage\":\"en-US\"}]}<\/script>\n<!-- \/ Yoast SEO plugin. -->","yoast_head_json":{"title":"Aktivit\u00e4ten - Otjenga Jagdfarm","robots":{"index":"index","follow":"follow","max-snippet":"max-snippet:-1","max-image-preview":"max-image-preview:large","max-video-preview":"max-video-preview:-1"},"canonical":"https:\/\/otjenga.de\/en\/aktivitaeten\/","og_locale":"en_US","og_type":"article","og_title":"Aktivit\u00e4ten - Otjenga Jagdfarm","og_description":"Neben der Jagd bietet OTJENGA: - Ultralight-Fl\u00fcge - Rundfl\u00fcge mit einer 4-sitzigen Propellermaschine PIPER Cherokee - Ziele Waterberg und Ugab-Terassen - Tagestouren (mit Gel\u00e4ndewagen) zu Etosha-Pfanne (gr\u00f6\u00dftes Naturschutzpark mit Elefanten und riesigen Gnu-Herden) - Einblick in das Alltagsleben und den Aktivit\u00e4ten einer Farm in Namibia","og_url":"https:\/\/otjenga.de\/en\/aktivitaeten\/","og_site_name":"Otjenga Jagdfarm","article_modified_time":"2016-10-03T16:27:01+00:00","og_image":[{"width":570,"height":570,"url":"https:\/\/otjenga.de\/wp-content\/uploads\/2016\/01\/IMG_6097.jpg","type":"image\/jpeg"}],"twitter_card":"summary_large_image","twitter_misc":{"Est. reading time":"1 minute"},"schema":{"@context":"https:\/\/schema.org","@graph":[{"@type":"WebPage","@id":"https:\/\/otjenga.de\/aktivitaeten\/","url":"https:\/\/otjenga.de\/aktivitaeten\/","name":"Aktivit\u00e4ten - Otjenga Jagdfarm","isPartOf":{"@id":"https:\/\/otjenga.de\/#website"},"datePublished":"2016-01-07T16:44:12+00:00","dateModified":"2016-10-03T16:27:01+00:00","breadcrumb":{"@id":"https:\/\/otjenga.de\/aktivitaeten\/#breadcrumb"},"inLanguage":"en-US","potentialAction":[{"@type":"ReadAction","target":["https:\/\/otjenga.de\/aktivitaeten\/"]}]},{"@type":"BreadcrumbList","@id":"https:\/\/otjenga.de\/aktivitaeten\/#breadcrumb","itemListElement":[{"@type":"ListItem","position":1,"name":"Startseite","item":"https:\/\/otjenga.de\/"},{"@type":"ListItem","position":2,"name":"Aktivit\u00e4ten"}]},{"@type":"WebSite","@id":"https:\/\/otjenga.de\/#website","url":"https:\/\/otjenga.de\/","name":"Otjenga Jagdfarm","description":"Die Jagdfarm OTJENGA bietet ihren G\u00e4sten neben der Jagd auf afrikanisches Wild eine Reihe von Aktivit\u00e4ten an","potentialAction":[{"@type":"SearchAction","target":{"@type":"EntryPoint","urlTemplate":"https:\/\/otjenga.de\/?s={search_term_string}"},"query-input":{"@type":"PropertyValueSpecification","valueRequired":true,"valueName":"search_term_string"}}],"inLanguage":"en-US"}]}},"_links":{"self":[{"href":"https:\/\/otjenga.de\/en\/wp-json\/wp\/v2\/pages\/10","targetHints":{"allow":["GET"]}}],"collection":[{"href":"https:\/\/otjenga.de\/en\/wp-json\/wp\/v2\/pages"}],"about":[{"href":"https:\/\/otjenga.de\/en\/wp-json\/wp\/v2\/types\/page"}],"author":[{"embeddable":true,"href":"https:\/\/otjenga.de\/en\/wp-json\/wp\/v2\/users\/1"}],"replies":[{"embeddable":true,"href":"https:\/\/otjenga.de\/en\/wp-json\/wp\/v2\/comments?post=10"}],"version-history":[{"count":24,"href":"https:\/\/otjenga.de\/en\/wp-json\/wp\/v2\/pages\/10\/revisions"}],"predecessor-version":[{"id":789,"href":"https:\/\/otjenga.de\/en\/wp-json\/wp\/v2\/pages\/10\/revisions\/789"}],"wp:attachment":[{"href":"https:\/\/otjenga.de\/en\/wp-json\/wp\/v2\/media?parent=10"}],"curies":[{"name":"wp","href":"https:\/\/api.w.org\/{rel}","templated":true}]}}